{"id":51,"date":"2022-01-22T11:53:42","date_gmt":"2022-01-22T11:53:42","guid":{"rendered":"http:\/\/mxrkdmg.cluster031.hosting.ovh.net\/?page_id=51"},"modified":"2022-01-22T22:49:26","modified_gmt":"2022-01-22T22:49:26","slug":"about","status":"publish","type":"page","link":"https:\/\/djgaby.net\/index.php\/about\/","title":{"rendered":"About"},"content":{"rendered":"\n<p>Over the years Dj Gaby already has an enviable curriculum, he has been invited to perform in various clubs, such as Pacha (Ofir\/Esposende), Fiesta Cubana (Ofir\/Esposende), Fiori Klub (Viana do Castelo), Fiori Spot (Viana do Castelo), Club M80 (Porto), Musik Club (Porto), OFF Dance Club (Viana do Castelo), Villa Porto Club (Porto), Vogue (Porto), Estado Novo (Porto), Via Rapida (Porto), La Movida (Porto), Club Mau Mau (Porto), Pitch (Porto), Figa Club (Santa Maria da Feira), Look Club (Viana do Castelo), Club Alfandega (Caminha), Prosak (Caminha), Budha (P\u00f3voa Varzim), Industria (Vila Nova Cerveira), Belidisco (Esposende), DK (Paredes Coura), Zoo (Porto), Azenha (Arcos de Valdevez), 3Tempos (Tui &#8211; Espanha), Sonoro (Tui &#8211; Espanha), A\u00e7ukar Amarelo (Esposende), MDM two (Esposende), Mentes Raras (Esposende), Museu (Esposende), Poetas (Ponte Barca), Barca Rock (Ponte Barca), Bella Club (Viana do Castelo), f Bar &#8211; Lounge (Viana do Castelo), Gondola Bar (Viana do Castelo), Box Club (Viana do Castelo), Casting Bar (Viana do Castelo), Charme Club (Viana do Castelo), Caffe Del Rio (Viana do Castelo), Gossip (Viana do Castelo), Duplex (Viana do Castelo), Pop (Viana do Castelo), Ministrus (Viana do Castelo), Templus (Viana do Castelo), Voo Doo lounge (Viana do Castelo), Recanto New Age (Viana do Castelo), Remember Club (Viana do Castelo), Globar Club (Viana do Castelo), Black&amp;White (Valen\u00e7a), Cocktail (Viana do Castelo), Lethes (Ponte de Lima), Carga d\u2019Agua (Caminha), Mobydick (Caminha), Albergaria (Caminha), Casa Dos M\u00fasicos (Caminha), Historico (Barcelos), OnPlay (Mon\u00e7ao), Moskva Club (Melga\u00e7o), Nova Era Caffe (c\/ directo para a radio Nova Era \u2013 Gaia\/Porto) e Lux Caffe (Viana do Castelo) where often played alongside artists of mundial renown, such as Jamie Lewis, Gregory, Tom Novy, Fish Go Deep, Copyright, Gregory Klosman, Nick Corline, Juan Magan, Rivero, Lady Christine, Diamond, Sasha Carassi, Magazino, Cristian Varela, Cosmo Klein, Mr Magic Nelson Freitas, Anselmo Ralph, Pete Tha Zouk, Kura, Vibe, Diego Miranda, BodyTalk, Overule, Kika Lewis, King Bizz, Sergio Manuel (Sexy Sound System), Miguel Rendeiro, Henri Josh, Funk You 2, Frank Maurel, Nelly Deep, Miss Sheila, Monica Seild, Nuno Di Rosso, Rui Vargas, SlimCutz, Steven Rod, Thomas Living, Dj\/Mc Demo, Sergio Delgado, Gonzo, Groove Addiction and many others. Also noteworthy is the participation in various events such as Nova Era Breakthru Dj&#8217;s Contest of r\u00e1dio Nova Era (Porto), hip hop &amp; BreakDance Contest in 2006 (S\u00e3o Jo\u00e3o da Madeira), Feiras Novas 2009, 2010, 2011 and 2012 (Expolima \/ S\u00e3o Jo\u00e3o at Ponte de Lima), Queima das Fitas do Porto in 2007 and 2009, FEP Parties in 2011 and 2012, Cultural Week of IPVC in 2006, Freshman Reception Week of IPVC in 2008 and many other participations in academic events.<\/p>\n","protected":false},"excerpt":{"rendered":"<p>Over the years Dj Gaby already has an enviable curriculum, he has been invited to perform in various clubs, such as Pacha (Ofir\/Esposende), Fiesta Cubana (Ofir\/Esposende), Fiori Klub (Viana do Castelo), Fiori Spot (Viana do&hellip; <\/p>\n<p><a class=\"more-link\" href=\"https:\/\/djgaby.net\/index.php\/about\/\">Continue Reading About<\/a><\/p>\n","protected":false},"author":1,"featured_media":0,"parent":0,"menu_order":0,"comment_status":"closed","ping_status":"closed","template":"","meta":{"footnotes":""},"class_list":["post-51","page","type-page","status-publish","hentry"],"_links":{"self":[{"href":"https:\/\/djgaby.net\/index.php\/wp-json\/wp\/v2\/pages\/51"}],"collection":[{"href":"https:\/\/djgaby.net\/index.php\/wp-json\/wp\/v2\/pages"}],"about":[{"href":"https:\/\/djgaby.net\/index.php\/wp-json\/wp\/v2\/types\/page"}],"author":[{"embeddable":true,"href":"https:\/\/djgaby.net\/index.php\/wp-json\/wp\/v2\/users\/1"}],"replies":[{"embeddable":true,"href":"https:\/\/djgaby.net\/index.php\/wp-json\/wp\/v2\/comments?post=51"}],"version-history":[{"count":2,"href":"https:\/\/djgaby.net\/index.php\/wp-json\/wp\/v2\/pages\/51\/revisions"}],"predecessor-version":[{"id":91,"href":"https:\/\/djgaby.net\/index.php\/wp-json\/wp\/v2\/pages\/51\/revisions\/91"}],"wp:attachment":[{"href":"https:\/\/djgaby.net\/index.php\/wp-json\/wp\/v2\/media?parent=51"}],"curies":[{"name":"wp","href":"https:\/\/api.w.org\/{rel}","templated":true}]}}